{"id":100,"date":"2018-09-04T11:33:49","date_gmt":"2018-09-04T11:33:49","guid":{"rendered":"http:\/\/pn.websitesbyphil.com\/es\/research-reviews\/?page_id=100"},"modified":"2018-11-19T05:39:18","modified_gmt":"2018-11-19T05:39:18","slug":"privacy-policy","status":"publish","type":"page","link":"https:\/\/www.physio-network.com\/es\/privacy-policy\/","title":{"rendered":"Pol\u00edtica de privacidad"},"content":{"rendered":"<p>Valoramos su privacidad respecto a toda la informaci\u00f3n personal que nos env\u00ede como resultado del uso de este sitio.<br \/>\nTrataremos toda la informaci\u00f3n que se reciba de manera confidencial y solo la utilizaremos para permitirnos atender su consulta, excepto cuando la ley nos obligue a divulgarla o cuando sea necesario divulgar la informaci\u00f3n para cumplir con un reglamento o proceso legal. Si desea ver la informaci\u00f3n que tenemos sobre usted, est\u00e1 en su derecho de solicitarla.<\/p>\n<p>No garantizamos que los correos electr\u00f3nicos que nos env\u00ede sean recibidos de manera segura. Si tiene alguna duda o desea consultar el estado de un correo electr\u00f3nico que nos ha enviado, por favor cont\u00e1ctenos v\u00eda telef\u00f3nica. No garantizamos que los correos electr\u00f3nicos que le enviemos sean seguros.<\/p>\n<p><strong>El Reglamento GDPR 2018<\/strong><br \/>\nQueremos que sepa que valoramos y protegemos cualquier informaci\u00f3n que tengamos sobre usted con la m\u00e1s estricta confidencialidad y respeto.<\/p>\n<p>El GDPR se ha incorporado a las regulaciones anteriores con tres principios importantes:<\/p>\n<ul>\n<li>el derecho a solicitar<\/li>\n<li>el derecho a enmendar<\/li>\n<li>el derecho de borrado<\/li>\n<\/ul>\n<p>Esto significa que usted puede solicitarnos el env\u00edo, en cualquier momento, de la informaci\u00f3n que tenemos sobre usted. Usted tiene derecho a solicitarnos que enmendemos cualquier informaci\u00f3n que tengamos sobre usted y tiene el derecho a ser olvidado (que borremos cualquier informaci\u00f3n de identificaci\u00f3n personal que tengamos sobre usted).<\/p>\n<p>Si desea seguir cualquiera de las opciones anteriores, env\u00edenos un correo electr\u00f3nico a <strong>informacion@physio-network.com<\/strong> y le responderemos con la mayor brevedad posible.<\/p>\n<p><strong>Tambi\u00e9n podemos dar fe de lo siguiente:<\/strong><\/p>\n<ul>\n<li>Cualquier violaci\u00f3n de datos se informar\u00e1 a la Autoridad Supervisora dentro de las 72 horas posteriores al incidente.<\/li>\n<li>Las suscripciones a las publicaciones son todas de doble confirmaci\u00f3n, lo que significa que la persona no solo tiene que suscribirse activamente, sino que debe confirmar esa suscripci\u00f3n posteriormente.<\/li>\n<li>Realizamos auditor\u00edas internas de las actividades de protecci\u00f3n de datos para garantizar la m\u00e1xima protecci\u00f3n.<\/li>\n<li>No mantenemos, ni vemos datos del titular de la tarjeta<\/li>\n<li>No almacenamos informaci\u00f3n de identificaci\u00f3n personal<\/li>\n<\/ul>\n<p><strong>Lo que el GDPR 2018 significa para usted<\/strong><br \/>\nEl GDPR fortalece los derechos de las personas a la protecci\u00f3n de sus datos.<br \/>\nSe mantiene al d\u00eda con la tecnolog\u00eda y mejora la protecci\u00f3n contra el uso injustificado de datos personales<br \/>\nOfrece una perspectiva coherente sobre las leyes de protecci\u00f3n de datos dentro y fuera de la Uni\u00f3n Europea<\/p>\n<p><strong>Lo anterior est\u00e1 dise\u00f1ado para ser beneficioso para el cliente, el proveedor e Internet en general.<\/strong><\/p>\n","protected":false},"excerpt":{"rendered":"<p>Valoramos su privacidad respecto a toda la informaci\u00f3n personal que nos env\u00ede como resultado del uso de este sitio. Trataremos toda la informaci\u00f3n que se&#8230;<\/p>\n","protected":false},"author":1,"featured_media":0,"parent":0,"menu_order":0,"comment_status":"closed","ping_status":"closed","template":"","meta":{"_acf_changed":false,"footnotes":""},"class_list":["post-100","page","type-page","status-publish","hentry"],"acf":[],"_links":{"self":[{"href":"https:\/\/www.physio-network.com\/es\/wp-json\/wp\/v2\/pages\/100","targetHints":{"allow":["GET"]}}],"collection":[{"href":"https:\/\/www.physio-network.com\/es\/wp-json\/wp\/v2\/pages"}],"about":[{"href":"https:\/\/www.physio-network.com\/es\/wp-json\/wp\/v2\/types\/page"}],"author":[{"embeddable":true,"href":"https:\/\/www.physio-network.com\/es\/wp-json\/wp\/v2\/users\/1"}],"replies":[{"embeddable":true,"href":"https:\/\/www.physio-network.com\/es\/wp-json\/wp\/v2\/comments?post=100"}],"version-history":[{"count":4,"href":"https:\/\/www.physio-network.com\/es\/wp-json\/wp\/v2\/pages\/100\/revisions"}],"predecessor-version":[{"id":553,"href":"https:\/\/www.physio-network.com\/es\/wp-json\/wp\/v2\/pages\/100\/revisions\/553"}],"wp:attachment":[{"href":"https:\/\/www.physio-network.com\/es\/wp-json\/wp\/v2\/media?parent=100"}],"curies":[{"name":"wp","href":"https:\/\/api.w.org\/{rel}","templated":true}]}}