{"id":98,"date":"2018-09-04T11:29:40","date_gmt":"2018-09-04T11:29:40","guid":{"rendered":"http:\/\/pn.websitesbyphil.com\/es\/research-reviews\/?page_id=98"},"modified":"2024-04-23T17:18:51","modified_gmt":"2024-04-23T17:18:51","slug":"terms-and-conditions","status":"publish","type":"page","link":"https:\/\/www.physio-network.com\/es\/terms-and-conditions\/","title":{"rendered":"T\u00e9rminos y condiciones de uso"},"content":{"rendered":"<h4>PHYSIOTHERAPHY RESEARCH PTY LTD<\/h4>\n<h4>CON EL NOMBRE DE \u00abPHYSIO NETWORK\u00bb.<\/h4>\n<p>&nbsp;<\/p>\n<h3><b>T\u00e9rminos<\/b><\/h3>\n<p>Al acceder a nuestro sitio web y aplicaci\u00f3n m\u00f3vil, usted acepta estar obligado por todos los T\u00e9rminos y Condiciones de Uso, junto con todas las leyes y regulaciones aplicables, y usted acepta que es responsable de cumplir con cualquier ley local aplicable. Si no est\u00e1 de acuerdo con alguno de estos t\u00e9rminos, entonces se le proh\u00edbe usar o acceder a este sitio. Tenga en cuenta que los materiales contenidos en este sitio est\u00e1n protegidos por las leyes de derechos de autor y marcas registradas aplicables.<\/p>\n<h3><b>Uso de Licencia<\/b><\/h3>\n<p>Los materiales en nuestro sitio web y aplicaci\u00f3n m\u00f3vil son solo para la visualizaci\u00f3n transitoria personal, no comercial y en l\u00ednea por usuarios mayores de 16 a\u00f1os. Los T\u00e9rminos y Condiciones de Uso constituyen la concesi\u00f3n de una licencia y no una transferencia de t\u00edtulo.<\/p>\n<p>Bajo esta licencia no puede<\/p>\n<ul>\n<li>usar o acceder a nuestro sitio \/ aplicaci\u00f3n m\u00f3vil y crear una cuenta si es menor de 16 a\u00f1os;<\/li>\n<li>modificar o copiar los materiales;<\/li>\n<li>usar los materiales para cualquier prop\u00f3sito comercial o para cualquier exhibici\u00f3n p\u00fablica (comercial o no comercial);<\/li>\n<li>intentar tratar (de cualquier manera incluyendo descompilaci\u00f3n o ingenier\u00eda inversa) cualquier software contenido en nuestro sitio web o aplicaci\u00f3n m\u00f3vil;<\/li>\n<li>eliminar cualquier notaci\u00f3n de derechos de autor u otras notaciones de propiedad de los materiales; o<\/li>\n<li>transferir los materiales a otra persona o reflejar los materiales en otro servidor.<\/li>\n<\/ul>\n<p>Esta licencia se terminar\u00e1 autom\u00e1ticamente si usted viola cualquiera de estas restricciones y puede ser terminada por nosotros en cualquier momento. Al terminar su derecho a ver estos materiales o al terminar esta licencia, usted debe destruir cualquier material descargado en su posesi\u00f3n, ya sea en formato electr\u00f3nico o impreso.<\/p>\n<p>Al aceptar los T\u00e9rminos y Condiciones de Uso, usted nos da una garant\u00eda de que, en caso de que surjan circunstancias donde su derecho a ver estos materiales termine o al terminar esta licencia, entonces cumplir\u00e1 con sus obligaciones bajo esta parte.<\/p>\n<h3><b>Propiedad intelectual\u00a0<\/b><\/h3>\n<p>Donde dicha funcionalidad no est\u00e9 expl\u00edcitamente habilitada y ofrecida por la Compa\u00f1\u00eda, usted no podr\u00e1 copiar, reproducir, distribuir, republicar, descargar, exhibir, publicar, transmitir, raspar, explotar, crear obras derivadas ni utilizar de otra manera ninguno de los Materiales en cualquier forma o por cualquier medio, sin la autorizaci\u00f3n escrita previa de la Compa\u00f1\u00eda. Esto incluye, pero no se limita a: grabaci\u00f3n de pantalla, replicaci\u00f3n por cualquier medio ya sea en formato digital o impreso, replicaci\u00f3n con cualquier marca de agua o marca alternativa.<br \/>\nAlojar o proporcionar enlaces que apunten directa o indirectamente hacia nuestro Material, fuera de las plataformas de nuestra Compa\u00f1\u00eda, est\u00e1 estrictamente prohibido.<br \/>\nLa violaci\u00f3n de las condiciones anteriores es un delito penal y estar\u00e1 sujeta a acciones legales.<br \/>\nAl utilizar comercialmente, participar en, o comprar nuestros servicios, usted consiente que mostremos el nombre y logotipo de su empresa en l\u00ednea o digitalmente.<\/p>\n<h3><b>Descargos de responsabilidad<\/b><\/h3>\n<p>Los materiales en nuestro sitio web y aplicaci\u00f3n m\u00f3vil se proporcionan \u00abtal cual\u00bb. No ofrecemos garant\u00edas, expresas o impl\u00edcitas, y rechazamos y negamos todas las dem\u00e1s garant\u00edas, incluyendo, sin limitaci\u00f3n, las garant\u00edas impl\u00edcitas o condiciones de comerciabilidad, aptitud para un prop\u00f3sito particular o no infracci\u00f3n de propiedad intelectual u otra violaci\u00f3n de derechos. Adem\u00e1s, no garantizamos ni hacemos ninguna representaci\u00f3n respecto a la precisi\u00f3n, resultado probable o fiabilidad del uso\/aplicaci\u00f3n de los materiales pagados o gratuitos de cualquier contenido proporcionado. Esto incluye, pero no se limita a nuestro sitio web, aplicaci\u00f3n m\u00f3vil, correos electr\u00f3nicos, redes sociales o cualquier otro medio relacionado con dichos materiales o en sitios vinculados a este sitio.<\/p>\n<p><span style=\"text-decoration: underline;\">Informaci\u00f3n proporcionada solo con fines educativos<\/span><br \/>\nLa informaci\u00f3n en este sitio web es presentada por Physiotherapy Research Pty Ltd (\u00abPhysio Network\u00bb) con el prop\u00f3sito de educaci\u00f3n e informaci\u00f3n solamente.<br \/>\nAunque Physio Network ha ejercido el debido cuidado en asegurar la precisi\u00f3n del material contenido en este sitio web, la informaci\u00f3n en el sitio se proporciona en el entendimiento de que Physio Network no est\u00e1 brindando asesoramiento profesional o m\u00e9dico sobre un asunto particular.<br \/>\nEste sitio web no es un sustituto de un asesoramiento profesional o m\u00e9dico independiente.<br \/>\nPhysio Network no acepta ninguna responsabilidad por cualquier lesi\u00f3n, p\u00e9rdida o da\u00f1o incurrido por el uso o dependencia de la informaci\u00f3n proporcionada en este sitio web.<\/p>\n<p><span style=\"text-decoration: underline;\">Calidad de la informaci\u00f3n<\/span><br \/>\nPhysio Network hace todo lo posible para asegurar la calidad de la informaci\u00f3n disponible en este sitio web. Sin embargo, antes de confiar en la informaci\u00f3n de este sitio, los usuarios deben evaluar cuidadosamente su precisi\u00f3n, actualidad, completitud y relevancia para sus prop\u00f3sitos, y deber\u00edan obtener cualquier asesoramiento profesional adecuado, incluyendo asesoramiento m\u00e9dico, relevante a sus circunstancias particulares.<br \/>\nPhysio Network no puede garantizar y no asume ninguna responsabilidad legal por la precisi\u00f3n, actualidad, completitud o interpretaci\u00f3n de la informaci\u00f3n.<br \/>\nEl material puede incluir las vistas o recomendaciones de terceros y no refleja necesariamente las vistas de Physio Network ni indica un compromiso con un curso de acci\u00f3n particular.<\/p>\n<p><span style=\"text-decoration: underline;\">Acreditaci\u00f3n<\/span><br \/>\nPhysio Network proporciona informaci\u00f3n espec\u00edfica de pa\u00eds y estado (solo EE. UU.) sobre la aprobaci\u00f3n de acreditaci\u00f3n para sus cursos y aunque nos esforzamos por asegurar que nuestros cursos sean o ser\u00e1n aceptados para acreditaci\u00f3n por las organizaciones relevantes, no podemos garantizar su aceptaci\u00f3n, ya que la aceptaci\u00f3n para la acreditaci\u00f3n es en \u00faltima instancia a discreci\u00f3n de cada organizaci\u00f3n individual. Utilizaremos nuestros mejores esfuerzos para mantener la informaci\u00f3n de acreditaci\u00f3n en nuestro sitio web actualizada pero no garantizamos que los certificados de finalizaci\u00f3n de cursos ser\u00e1n aceptados para acreditaci\u00f3n por un organismo relevante. Por lo tanto, le animamos a contactar directamente con el organismo de acreditaci\u00f3n relevante para confirmar si su curso cumple con sus requisitos espec\u00edficos.<\/p>\n<p><span style=\"text-decoration: underline;\">Enlaces a otros sitios web<\/span><br \/>\nEste sitio web contiene enlaces a otros sitios web que son externos a Physio Network. Physio Network tiene cuidado razonable en seleccionar sitios web enlazados, pero no acepta ninguna responsabilidad por el material contenido en un sitio web que est\u00e9 enlazado a este sitio. Es responsabilidad del usuario tomar sus propias decisiones sobre la precisi\u00f3n, actualidad, fiabilidad y correcci\u00f3n de la informaci\u00f3n contenida en sitios web externos enlazados.<br \/>\nLos enlaces a sitios web externos se proporcionan para la conveniencia del usuario y no constituyen un respaldo o una recomendaci\u00f3n de ning\u00fan producto o servicio de terceros ofrecido por virtud de cualquier informaci\u00f3n, material o contenido enlazado desde o hacia este sitio. Los usuarios de los enlaces proporcionados por este sitio son responsables de estar conscientes de qu\u00e9 organizaci\u00f3n aloja el sitio que visitan.<br \/>\nLas vistas o recomendaciones proporcionadas en sitios enlazados pueden incluir las vistas o recomendaciones de terceros y no necesariamente reflejan las de Physio Network ni indican un compromiso con un curso de acci\u00f3n particular.<\/p>\n<p><span style=\"text-decoration: underline;\">Descargo de responsabilidad m\u00e9dica<\/span><br \/>\nTodo el contenido y los medios en este sitio web se crean y publican en l\u00ednea solo con fines informativos. No est\u00e1 destinado a ser un sustituto del asesoramiento m\u00e9dico profesional y no debe confiarse en \u00e9l como consejo de salud o personal.<br \/>\nSiempre busque la orientaci\u00f3n de su fisioterapeuta, m\u00e9dico u otro profesional de la salud calificado con cualquier pregunta que pueda tener con respecto a su salud o una condici\u00f3n m\u00e9dica. Nunca ignore el asesoramiento de un profesional m\u00e9dico, ni retrase en buscarlo por algo que haya le\u00eddo o visto en este sitio web.<br \/>\nPhysiotherapy Research Pty Ltd no acepta ninguna responsabilidad por cualquier lesi\u00f3n, p\u00e9rdida o da\u00f1o incurrido por el uso o dependencia de la informaci\u00f3n proporcionada en este sitio web.<\/p>\n<h3><b>Limitaciones<\/b><\/h3>\n<p>En ning\u00fan caso nosotros o nuestros proveedores seremos responsables por da\u00f1os (incluyendo, sin limitaci\u00f3n, lesiones, da\u00f1os por p\u00e9rdida de beneficios debido a interrupci\u00f3n de negocios) que surjan del uso o la incapacidad para usar los materiales en nuestro sitio web o aplicaci\u00f3n m\u00f3vil, incluso si nosotros o alg\u00fan representante autorizado hemos sido notificados oralmente o por escrito de la posibilidad de tales da\u00f1os. Debido a que algunas jurisdicciones no permiten limitaciones en garant\u00edas impl\u00edcitas o limitaciones de responsabilidad por da\u00f1os consecuenciales o incidentales, estas limitaciones pueden no aplicarse a usted.<\/p>\n<h3><b>Errores y Revisiones<\/b><\/h3>\n<p>Los materiales que aparecen en nuestro sitio web o aplicaci\u00f3n m\u00f3vil podr\u00edan incluir errores t\u00e9cnicos, tipogr\u00e1ficos o fotogr\u00e1ficos. No garantizamos que cualquiera de los materiales en nuestro sitio web o aplicaci\u00f3n m\u00f3vil sean precisos, completos o actuales. Podemos hacer cambios en los materiales contenidos en nuestro sitio web o aplicaci\u00f3n m\u00f3vil en cualquier momento sin previo aviso a usted o a otros usuarios. No nos comprometemos a actualizar los materiales.<\/p>\n<h3><strong>Contenido y Materiales Suministrados\u00a0<\/strong><\/h3>\n<p>Est\u00e1 a discreci\u00f3n de los usuarios asegurarse de que todo el contenido y Materiales accesibles mediante una suscripci\u00f3n se usen como se pretende durante un per\u00edodo de membres\u00eda. Esto incluye la descarga de todo el contenido disponible para descargar. Una vez que una membres\u00eda ha expirado, el contenido asociado con ella ya no puede ser accedido, ni ser\u00e1 proporcionado de ninguna manera.<br \/>\nEl contenido ofrecido durante un per\u00edodo promocional (donde se ofrece contenido adicional adem\u00e1s de una suscripci\u00f3n) debe ser adquirido dentro de un m\u00e1ximo de 30 d\u00edas. Fuera de este plazo, no somos responsables de proporcionar el contenido asociado con dichas ofertas.<\/p>\n<h3><b>Enlaces<\/b><\/h3>\n<p>No hemos revisado todos los sitios enlazados a nuestro sitio web o aplicaci\u00f3n m\u00f3vil, y no somos responsables por el contenido de los sitios enlazados. La inclusi\u00f3n de cualquier enlace no implica un respaldo por nuestra parte. El uso de cualquiera de estos sitios enlazados es bajo su propio riesgo.<\/p>\n<h3><b>Modificaciones de Uso<\/b><\/h3>\n<p>Podemos revisar los T\u00e9rminos y Condiciones de Uso para nuestro sitio web y aplicaci\u00f3n m\u00f3vil en cualquier momento sin aviso previo. Al usar este sitio web o aplicaci\u00f3n m\u00f3vil, usted acepta estar vinculado por la versi\u00f3n actual de los T\u00e9rminos y Condiciones de Uso.<\/p>\n<h3><b>Per\u00edodos de prueba gratuita y facturaci\u00f3n de suscripciones<\/b><\/h3>\n<p><strong>Per\u00edodo de Prueba Gratuita: <\/strong> Tu per\u00edodo de prueba gratuita comienza inmediatamente despu\u00e9s de registrarte y dura exactamente 7 d\u00edas desde el momento en que te inscribes. Tienes derecho a una sola prueba gratuita para cada servicio de suscripci\u00f3n distinto que ofrecemos. Si la prueba no se cancela antes del final del per\u00edodo de 7 d\u00edas, tu suscripci\u00f3n comenzar\u00e1 autom\u00e1ticamente y se te cobrar\u00e1 de acuerdo al plan de suscripci\u00f3n seleccionado al registrarte.<\/p>\n<p><strong>Zona Horaria:<\/strong> Los horarios de inicio y fin de tu prueba gratuita se basan en la Hora Est\u00e1ndar del Este de Australia (AEST). La conversi\u00f3n a AEST no afectar\u00e1 la duraci\u00f3n de tu prueba.<\/p>\n<p><strong>Limitaci\u00f3n de la Prueba:<\/strong> Iniciar m\u00e1s de una prueba para el mismo servicio de suscripci\u00f3n, incluidos intentos realizados utilizando diferentes direcciones de correo electr\u00f3nico u otros m\u00e9todos para eludir este l\u00edmite, resultar\u00e1 en la facturaci\u00f3n inmediata de la tarifa completa de suscripci\u00f3n. Adem\u00e1s, tales acciones anular\u00e1n cualquier derecho a nuestra garant\u00eda de devoluci\u00f3n de dinero de 30 d\u00edas.<\/p>\n<p><strong>Cargos de Suscripci\u00f3n: <\/strong> Despu\u00e9s de la prueba, la facturaci\u00f3n ocurrir\u00e1 anualmente para el plan de suscripci\u00f3n anual. Para el plan de suscripci\u00f3n mensual, la facturaci\u00f3n ocurrir\u00e1 mensualmente. Los cargos continuar\u00e1n siendo deducidos autom\u00e1ticamente de tu cuenta hasta que canceles tu suscripci\u00f3n.<\/p>\n<p><strong>Cancelaci\u00f3n:<\/strong> Puedes cancelar tu suscripci\u00f3n en cualquier momento. Para cancelar, sigue las instrucciones bajo &#8216;Facturaci\u00f3n y Facturas&#8217; en tu \u00e1rea de miembros. Tambi\u00e9n est\u00e1n disponibles pasos detallados para la cancelaci\u00f3n en nuestra secci\u00f3n de preguntas frecuentes. Si tienes dificultades para hacerlo, puedes enviarnos un correo electr\u00f3nico a info@physio-network.com para obtener ayuda.<\/p>\n<p><strong>Cambios en los Cargos o M\u00e9todos de Pago:<\/strong> En caso de que haya cambios en nuestros cargos de suscripci\u00f3n o m\u00e9todos de pago, te proporcionaremos un aviso previo como lo requieren las leyes aplicables.<\/p>\n<h3><strong>Reembolsos<\/strong><\/h3>\n<p><strong>Garant\u00eda de Devoluci\u00f3n de Dinero de 30 D\u00edas:<\/strong> Estamos comprometidos con tu satisfacci\u00f3n. Para asegurarte de que te sientas seguro y confiado en tu compra, ofrecemos una garant\u00eda de devoluci\u00f3n de dinero de 30 d\u00edas. Esta garant\u00eda te permite experimentar completamente nuestros servicios con la seguridad de que si no est\u00e1s completamente satisfecho dentro de los primeros 30 d\u00edas de inscripci\u00f3n, eres elegible para un reembolso.<\/p>\n<p><strong>Excepciones a la Garant\u00eda de Devoluci\u00f3n de Dinero de 30 D\u00edas:<\/strong><\/p>\n<ul>\n<li><strong>Contenido Digital:<\/strong> Debido a la naturaleza del contenido digital, que puede ser copiado, guardado o impreso, generalmente no se proporcionan reembolsos una vez que el contenido se ha descargado. Esto incluye, pero no se limita a, diapositivas de clases magistrales y PDFs de revisiones de investigaci\u00f3n. Una vez que se descarga el contenido digital, es tuyo para conservar, y esto puede limitar la elegibilidad para un reembolso a discreci\u00f3n de la Compa\u00f1\u00eda.<\/li>\n<li><strong>Tarifas de Transacci\u00f3n:<\/strong> Si se procesa un reembolso, cualquier tarifa de transacci\u00f3n incurrida puede ser deducida del monto del reembolso. Nos esforzamos por ser transparentes sobre cualquier tarifa que pueda afectar tu reembolso.<\/li>\n<li><strong>M\u00faltiples Pruebas Gratuitas:<\/strong> Si has iniciado m\u00e1s de una prueba gratuita para el mismo servicio, como se menciona en la secci\u00f3n &#8216;Prueba Gratuita y Facturaci\u00f3n de Suscripci\u00f3n&#8217;, la garant\u00eda de devoluci\u00f3n de dinero de 30 d\u00edas no se aplicar\u00e1. Esta pol\u00edtica tiene como objetivo proporcionar a cada cliente una oportunidad justa para evaluar nuestros servicios.<\/li>\n<\/ul>\n<p><strong>Todas las Suscripciones de Aplicaciones M\u00f3viles:<\/strong> Si creaste una suscripci\u00f3n a trav\u00e9s de nuestra aplicaci\u00f3n m\u00f3vil, cualquier solicitud de reembolso\/reembolso es facilitada exclusivamente por Apple o Google Play (el comerciante). Como no tenemos autoridad sobre tales transacciones, no podemos facilitar tales solicitudes. Puedes encontrar m\u00e1s detalles en <a href=\"https:\/\/support.apple.com\/en-au\/118223\" target=\"_blank\" rel=\"noopener\">el soporte de Apple<\/a> o <a href=\"https:\/\/support.google.com\/googleplay\/answer\/2479637?hl=en\" target=\"_blank\" rel=\"noopener\">el soporte de Google Play<\/a>.<\/p>\n<p><strong>Uso de Cupones:<\/strong> Los cupones solo pueden usarse una vez y est\u00e1n limitados a un solo ciclo de suscripci\u00f3n. Nos reservamos el derecho de rechazar el uso de cupones a nuestra discreci\u00f3n, asegurando una aplicaci\u00f3n justa de esta pol\u00edtica para todos los clientes.<\/p>\n<p><strong>Informaci\u00f3n Adicional:<\/strong> Nos esforzamos por construir confianza y asegurar que nuestras pol\u00edticas sean claras y justas. Si tienes alguna pregunta o necesitas m\u00e1s aclaraciones respecto a nuestra pol\u00edtica de reembolsos, no dudes en contactar a nuestro equipo de soporte al cliente en <a href=\"mailto:info@physio-network.com\">info@physio-network.com<\/a><\/p>\n<h3><b>Ley Aplicable<\/b><\/h3>\n<p>La validez, construcci\u00f3n y desempe\u00f1o de este Acuerdo ser\u00e1n regidos por las leyes del Estado de Queensland y las partes acuerdan que cualquier disputa que surja de este ser\u00e1 litigada solo en el Estado de Queensland.<\/p>\n<p class=\"text\">Este texto fue traducido usando Chat GPT-4. Al aceptar esta traducci\u00f3n, tambi\u00e9n est\u00e1s aceptando su versi\u00f3n original en ingl\u00e9s, que puedes ver <a href=\"https:\/\/www.physio-network.com\/terms-and-conditions\/\">aqu\u00ed<\/a>.<\/p>\n","protected":false},"excerpt":{"rendered":"<p>PHYSIOTHERAPHY RESEARCH PTY LTD CON EL NOMBRE DE \u00abPHYSIO NETWORK\u00bb. &nbsp; T\u00e9rminos Al acceder a nuestro sitio web y aplicaci\u00f3n m\u00f3vil, usted acepta estar obligado&#8230;<\/p>\n","protected":false},"author":1,"featured_media":0,"parent":0,"menu_order":0,"comment_status":"closed","ping_status":"closed","template":"","meta":{"_acf_changed":false,"footnotes":""},"class_list":["post-98","page","type-page","status-publish","hentry"],"acf":[],"_links":{"self":[{"href":"https:\/\/www.physio-network.com\/es\/wp-json\/wp\/v2\/pages\/98","targetHints":{"allow":["GET"]}}],"collection":[{"href":"https:\/\/www.physio-network.com\/es\/wp-json\/wp\/v2\/pages"}],"about":[{"href":"https:\/\/www.physio-network.com\/es\/wp-json\/wp\/v2\/types\/page"}],"author":[{"embeddable":true,"href":"https:\/\/www.physio-network.com\/es\/wp-json\/wp\/v2\/users\/1"}],"replies":[{"embeddable":true,"href":"https:\/\/www.physio-network.com\/es\/wp-json\/wp\/v2\/comments?post=98"}],"version-history":[{"count":15,"href":"https:\/\/www.physio-network.com\/es\/wp-json\/wp\/v2\/pages\/98\/revisions"}],"predecessor-version":[{"id":13824,"href":"https:\/\/www.physio-network.com\/es\/wp-json\/wp\/v2\/pages\/98\/revisions\/13824"}],"wp:attachment":[{"href":"https:\/\/www.physio-network.com\/es\/wp-json\/wp\/v2\/media?parent=98"}],"curies":[{"name":"wp","href":"https:\/\/api.w.org\/{rel}","templated":true}]}}