{"id":100,"date":"2018-09-04T11:33:49","date_gmt":"2018-09-04T11:33:49","guid":{"rendered":"http:\/\/pn.websitesbyphil.com\/es\/research-reviews\/?page_id=100"},"modified":"2021-04-14T10:15:46","modified_gmt":"2021-04-14T10:15:46","slug":"privacy-policy","status":"publish","type":"page","link":"https:\/\/www.physio-network.com\/fr\/privacy-policy\/","title":{"rendered":"Politique de confidentialit\u00e9"},"content":{"rendered":"<p>Nous sommes tr\u00e8s attach\u00e9s au respect de votre vie priv\u00e9e et des informations personnelles que vous nous transmettez \u00e0 la suite de l&rsquo;utilisation de notre site.<\/p>\n<p>Nous traitons vos informations de mani\u00e8re strictement confidentielle et nous n&rsquo;utiliserons vos donn\u00e9es uniquement que dans le but de r\u00e9pondre \u00e0 vos questions \u00e0 l&rsquo;exception d&rsquo;une demande des autorit\u00e9s nous obligeant \u00e0 transmettre vos donn\u00e9es ou s&rsquo;il est n\u00e9cessaire de transmettre vos donn\u00e9es dans le cadre du respect d&rsquo;une proc\u00e9dure l\u00e9gale ou d&rsquo;un processus r\u00e9glementaire. Si vous d\u00e9sirez avoir acc\u00e8s aux informations que nous d\u00e9tenons \u00e0 votre sujet, vous disposez de ce droit et vous pouvez nous en faire la requ\u00eate.<\/p>\n<p>Nous ne garantissons pas que nos mails soient re\u00e7us en toute s\u00e9curit\u00e9. N&rsquo;h\u00e9sitez pas \u00e0 nous contacter si le doute s&rsquo;installe et que vous souhaitez v\u00e9rifier le statut d&rsquo;un mail envoy\u00e9. Nous ne garantissons pas que l&rsquo;envoi de nos mails soit s\u00e9curis\u00e9.<\/p>\n<h2>R\u00e8glement g\u00e9n\u00e9ral sur la protection des donn\u00e9es (RGPD 2018)<\/h2>\n<p>Il est tr\u00e8s important pour nous de prot\u00e9ger vos donn\u00e9es dans le respect de la confidentialit\u00e9 la plus stricte.<\/p>\n<p>Le RGPD apporte trois principes importants aux r\u00e8glements pr\u00e9c\u00e9demment promulgu\u00e9s\u00a0:<\/p>\n<ul>\n<li>le droit d&rsquo;acc\u00e8s\u00a0;<\/li>\n<li>le droit de rectification\u00a0; et<\/li>\n<li>le droit \u00e0 l&rsquo;effacement (&lsquo;droit \u00e0 l&rsquo;oubli&rsquo;)<\/li>\n<\/ul>\n<p>Vos informations sont donc disponibles \u00e0 tout moment sur simple demande. Vous avez le droit de nous demander toute rectification de vos donn\u00e9es et vous disposez du droit \u00e0 l&rsquo;effacement (c&rsquo;est-\u00e0-dire que nous pouvons proc\u00e9der \u00e0 l&rsquo;effacement de toute information qui vous identifie personnellement).<\/p>\n<p>Si vous voulez recourir \u00e0 l&rsquo;une des options cit\u00e9es, n&rsquo;h\u00e9sitez pas \u00e0 nous contacter \u00e0 <a href=\"mailto:contact@physio-network.com\">contact@physio-network.com<\/a>. Le d\u00e9lai de r\u00e9ponse est de 10 jours ouvrables.<\/p>\n<p><strong><br \/>\nNous attestons que\u00a0:<\/strong><\/p>\n<ul>\n<li>Toute violation des donn\u00e9es sera rapport\u00e9e aux autorit\u00e9s comp\u00e9tentes dans les 72 heures suivant l&rsquo;incident.<\/li>\n<li>L&rsquo;abonnement \u00e0 la Newsletter est soumis \u00e0 une double validation\u00a0: l&rsquo;individu doit non seulement faire la d\u00e9marche d&rsquo;y souscrire, mais il lui est aussi demand\u00e9 de confirmer son adh\u00e9sion.<\/li>\n<li>Nous effectuons des audits internes concernant les activit\u00e9s de protection des donn\u00e9es pour assurer un niveau de protection maximal.<\/li>\n<li>Nous ne collectons ni avons acc\u00e8s aux donn\u00e9es des cartes bancaires.<\/li>\n<li>Nous ne sauvegardons pas d&rsquo;informations qui peuvent vous identifier personnellement.<\/li>\n<\/ul>\n<p>Que signifie le RGPD pour vous\u00a0?<\/p>\n<ol>\n<li>Le RGPD renforce les protections individuelles des donn\u00e9es<\/li>\n<li>S&rsquo;accorde avec l&rsquo;\u00e9volution des technologies, et augmente la protection contre l&rsquo;utilisation frauduleuse des donn\u00e9es personnelles<\/li>\n<li>Harmonise les lois sur la protection des donn\u00e9es au sein mais aussi \u00e0 l&rsquo;ext\u00e9rieur de l&rsquo;Union Europ\u00e9enne.<\/li>\n<\/ol>\n<h2>Cookies<\/h2>\n<p>Pour am\u00e9liorer votre exp\u00e9rience sur notre site Web, nos pages Web utilisent des \u00abcookies\u00bb. Les cookies sont des informations \u00e9lectroniques qu&rsquo;un site Web peut placer sur le navigateur d&rsquo;un utilisateur pour l&rsquo;aider \u00e0 personnaliser et \u00e0 conserver des enregistrements de sa visite. Vous pouvez refuser l&rsquo;utilisation de cookies sur votre navigateur en modifiant les param\u00e8tres de ce dernier. Cependant, si vous d\u00e9sactivez les cookies, la navigation sur notre site peut s&rsquo;av\u00e9rer moins int\u00e9ressante et moins adapt\u00e9e \u00e0 vos recherches. Sauf si vous avez modifi\u00e9 les param\u00e8tres de votre navigateur pour refuser les cookies, notre syst\u00e8me utilisera des cookies lorsque vous vous rendrez sur notre site Internet. Si vous continuez \u00e0 utiliser notre site Web sans d\u00e9sactiver les cookies via votre navigateur, vous acceptez notre politique d&rsquo;utilisation des cookies.<\/p>\n<p>Exemples de cookies que nous utilisons :<br \/>\nCookies de cr\u00e9ation de comptes &#8211; Si vous cr\u00e9ez un compte chez nous, nous utiliserons des cookies pour g\u00e9rer le processus d&rsquo;inscription et sa gestion g\u00e9n\u00e9rale. Ces cookies sont g\u00e9n\u00e9ralement supprim\u00e9s lorsque vous vous d\u00e9connectez. Cependant, dans certains cas, ils peuvent rester par la suite pour enregistrer vos pr\u00e9f\u00e9rences lorsque vous \u00eates d\u00e9connect\u00e9s.<br \/>\nCookies de connexion &#8211; Nous utilisons des cookies lorsque vous \u00eates connect\u00e9 pour enregistrer cette information. Cela \u00e9vite d&rsquo;avoir \u00e0 se reconnecter \u00e0 chaque fois que vous changez de page sur notre site. Ces cookies sont g\u00e9n\u00e9ralement supprim\u00e9s ou effac\u00e9s lorsque vous vous d\u00e9connectez afin de n&rsquo;avoir acc\u00e8s aux fonctionnalit\u00e9s restreintes et zones membres que lorsque vous \u00eates connect\u00e9.<br \/>\nCookies des r\u00e9seaux sociaux &#8211; Les r\u00e9seaux sociaux tels que Facebook et Instagram limitent intrins\u00e8quement la port\u00e9e de nos publications. Nous utilisons des cookies pour noter ce qui vous int\u00e9resse, afin que nous puissions am\u00e9liorer les publications et vous proposer du contenu plus int\u00e9ressant et appropri\u00e9.<\/p>\n<p>Tierces personnes<\/p>\n<p>Ce site Web utilise Google Analytics, l&rsquo;une des solutions d&rsquo;analyse les plus r\u00e9pandues et les plus fiables sur le Web. Cela nous aide \u00e0 comprendre comment vous utilisez le site et \u00e0 d\u00e9couvrir des moyens d&rsquo;am\u00e9liorer votre exp\u00e9rience. Ces cookies peuvent suivre des \u00e9l\u00e9ments tels que le temps que vous passez sur notre site Web et les pages que vous visitez. De cette fa\u00e7on, nous pouvons continuer \u00e0 produire du contenu appropri\u00e9. Pour plus d&rsquo;informations sur les cookies issus de Google Analytics, consultez la page officielle de Google Analytics.<\/p>\n<p><b><br \/>\nCes dispositions relatives \u00e0 la protection des donn\u00e9es renforcent positivement la protection du client, du fournisseur et globalement d&rsquo;Internet.<\/b><\/p>\n","protected":false},"excerpt":{"rendered":"<p>Nous sommes tr\u00e8s attach\u00e9s au respect de votre vie priv\u00e9e et des informations personnelles que vous nous transmettez \u00e0 la suite de l&rsquo;utilisation de notre&#8230;<\/p>\n","protected":false},"author":1,"featured_media":0,"parent":0,"menu_order":0,"comment_status":"closed","ping_status":"closed","template":"","meta":{"_acf_changed":false,"footnotes":""},"class_list":["post-100","page","type-page","status-publish","hentry"],"acf":[],"_links":{"self":[{"href":"https:\/\/www.physio-network.com\/fr\/wp-json\/wp\/v2\/pages\/100","targetHints":{"allow":["GET"]}}],"collection":[{"href":"https:\/\/www.physio-network.com\/fr\/wp-json\/wp\/v2\/pages"}],"about":[{"href":"https:\/\/www.physio-network.com\/fr\/wp-json\/wp\/v2\/types\/page"}],"author":[{"embeddable":true,"href":"https:\/\/www.physio-network.com\/fr\/wp-json\/wp\/v2\/users\/1"}],"replies":[{"embeddable":true,"href":"https:\/\/www.physio-network.com\/fr\/wp-json\/wp\/v2\/comments?post=100"}],"version-history":[{"count":9,"href":"https:\/\/www.physio-network.com\/fr\/wp-json\/wp\/v2\/pages\/100\/revisions"}],"predecessor-version":[{"id":4586,"href":"https:\/\/www.physio-network.com\/fr\/wp-json\/wp\/v2\/pages\/100\/revisions\/4586"}],"wp:attachment":[{"href":"https:\/\/www.physio-network.com\/fr\/wp-json\/wp\/v2\/media?parent=100"}],"curies":[{"name":"wp","href":"https:\/\/api.w.org\/{rel}","templated":true}]}}