{"id":100,"date":"2018-09-04T11:33:49","date_gmt":"2018-09-04T11:33:49","guid":{"rendered":"http:\/\/pn.websitesbyphil.com\/research-reviews\/?page_id=100"},"modified":"2024-09-13T23:32:01","modified_gmt":"2024-09-13T23:32:01","slug":"privacy-policy","status":"publish","type":"page","link":"https:\/\/www.physio-network.com\/pt\/privacy-policy\/","title":{"rendered":"Pol\u00edtica de Privacidade"},"content":{"rendered":"<p>Valorizamos a sua privacidade em rela\u00e7\u00e3o a todas as informa\u00e7\u00f5es pessoais que voc\u00ea nos envia como resultado do uso deste site.<\/p>\n<p>Trataremos qualquer e todas as informa\u00e7\u00f5es recebidas de forma confidencial e usaremos essas informa\u00e7\u00f5es apenas para permitir que lidemos com sua consulta, exceto quando a lei nos exigir a divulg\u00e1-las ou quando for necess\u00e1rio revelar as informa\u00e7\u00f5es para cumprir um processo regulat\u00f3rio ou legal. Se desejar ver as informa\u00e7\u00f5es que mantemos sobre voc\u00ea, voc\u00ea tem o direito de fazer essa solicita\u00e7\u00e3o.<\/p>\n<p>N\u00e3o garantimos que quaisquer e-mails enviados por voc\u00ea para n\u00f3s ser\u00e3o recebidos com seguran\u00e7a. Entre em contato conosco por telefone se tiver alguma d\u00favida ou desejar verificar o status de um e-mail enviado para n\u00f3s. N\u00e3o garantimos que e-mails enviados por n\u00f3s para voc\u00ea ser\u00e3o seguros.<\/p>\n<h2>Regulamento GDPR 2018<\/h2>\n<p>Gostar\u00edamos que soubesse que valorizamos e protegemos quaisquer dados que mantemos sobre voc\u00ea com o mais estrito sigilo e respeito.<\/p>\n<p>O GDPR adicionou tr\u00eas princ\u00edpios importantes \u00e0s regulamenta\u00e7\u00f5es anteriores:<\/p>\n<ul>\n<li>o direito de solicitar<\/li>\n<li>o direito de corrigir<\/li>\n<li>o direito de apagar<\/li>\n<\/ul>\n<p>O que isso significa para voc\u00ea \u00e9 que pode nos pedir a qualquer momento para enviar-lhe as informa\u00e7\u00f5es que mantemos sobre voc\u00ea. Voc\u00ea tem o direito de nos pedir para corrigir qualquer informa\u00e7\u00e3o que mantemos sobre voc\u00ea e tem o direito de ser esquecido (isto \u00e9, que apaguemos quaisquer informa\u00e7\u00f5es pessoalmente identific\u00e1veis que tenhamos sobre voc\u00ea).<\/p>\n<p>Se desejar exercer qualquer uma das op\u00e7\u00f5es acima, envie-nos um e-mail para <strong>info@physio-network.com <\/strong>e responderemos em at\u00e9 dois dias \u00fateis.<\/p>\n<h3>Tamb\u00e9m podemos atestar o seguinte:<\/h3>\n<ul>\n<li>Qualquer viola\u00e7\u00e3o de dados ser\u00e1 relatada \u00e0 Autoridade Supervisora dentro de 72 horas do incidente.<\/li>\n<li>Realizamos auditorias internas das atividades de prote\u00e7\u00e3o de dados para garantir a m\u00e1xima prote\u00e7\u00e3o.<\/li>\n<li>N\u00e3o mantemos nem visualizamos dados de titulares de cart\u00f5es.<\/li>\n<li>N\u00e3o armazenamos informa\u00e7\u00f5es pessoalmente identific\u00e1veis.<\/li>\n<\/ul>\n<h2>O que o GDPR 2018 significa para voc\u00ea<\/h2>\n<ol>\n<li>O GDPR fortalece os direitos individuais \u00e0 prote\u00e7\u00e3o de seus dados.<\/li>\n<li>Acompanha o ritmo da tecnologia e melhora a prote\u00e7\u00e3o contra o uso indevido de dados pessoais.<\/li>\n<li>Traz uma vis\u00e3o consistente das leis de prote\u00e7\u00e3o de dados dentro e fora da Uni\u00e3o Europeia.<\/li>\n<\/ol>\n<h2 id=\"cookie-policy\">Cookies<\/h2>\n<p>Para melhorar sua experi\u00eancia em nosso site, nossas p\u00e1ginas utilizam &#8220;cookies&#8221;. Cookies s\u00e3o fragmentos de informa\u00e7\u00e3o eletr\u00f4nica que um site pode colocar no navegador do usu\u00e1rio para ajudar a personalizar e manter registros de sua visita. Voc\u00ea pode recusar o uso de cookies ativando a configura\u00e7\u00e3o apropriada no seu navegador. No entanto, se selecionar essa configura\u00e7\u00e3o, poder\u00e1 n\u00e3o conseguir obter a melhor experi\u00eancia de nossos servi\u00e7os. A menos que tenha ajustado as configura\u00e7\u00f5es do seu navegador para recusar cookies, nosso sistema emitir\u00e1 cookies quando voc\u00ea acessar nosso site. Se continuar utilizando nosso site sem desativar os cookies no navegador, consideramos que voc\u00ea aceitou o uso de cookies.<\/p>\n<p>Exemplos de cookies que utilizamos:<\/p>\n<p>Cookies de cria\u00e7\u00e3o de conta &#8211; Se voc\u00ea criar uma conta conosco, utilizaremos cookies para gerenciar o processo de inscri\u00e7\u00e3o e administra\u00e7\u00e3o geral. Esses cookies geralmente ser\u00e3o exclu\u00eddos quando voc\u00ea fizer logout. No entanto, em alguns casos, eles podem permanecer para lembrar suas prefer\u00eancias ao sair.<\/p>\n<p>Cookies de login &#8211; Utilizamos cookies quando voc\u00ea est\u00e1 logado, para que possamos lembrar desse fato. Isso evita que voc\u00ea precise fazer login todas as vezes que visitar uma nova p\u00e1gina. Esses cookies s\u00e3o normalmente removidos ou apagados quando voc\u00ea faz logout, para garantir que voc\u00ea s\u00f3 possa acessar recursos e \u00e1reas restritas enquanto estiver logado.<\/p>\n<p>Cookies de redes sociais &#8211; Devido \u00e0s limita\u00e7\u00f5es de alcance org\u00e2nico de nossos posts em canais como Facebook e Instagram, utilizamos cookies para registrar seus interesses, permitindo-nos impulsionar posts para que nosso conte\u00fado relevante e valioso possa chegar at\u00e9 voc\u00ea de maneira mais eficaz.<\/p>\n<p>Terceiros:<br \/>\nEste site utiliza o Google Analytics, uma das solu\u00e7\u00f5es de an\u00e1lise mais difundidas e confi\u00e1veis da web, para nos ajudar a entender como voc\u00ea usa o site e descobrir maneiras de melhorar sua experi\u00eancia. Esses cookies podem rastrear coisas como quanto tempo voc\u00ea passa no nosso site e as p\u00e1ginas que voc\u00ea visita, para que possamos continuar a produzir conte\u00fado envolvente. Para mais informa\u00e7\u00f5es sobre os cookies do Google Analytics, consulte a p\u00e1gina oficial do Google Analytics.<\/p>\n<p style=\"text-align: center;\"><strong>O que foi mencionado acima \u00e9 projetado para beneficiar o cliente, o fornecedor e a internet como um todo.<\/strong><\/p>\n","protected":false},"excerpt":{"rendered":"<p>Valorizamos a sua privacidade em rela\u00e7\u00e3o a todas as informa\u00e7\u00f5es pessoais que voc\u00ea nos envia como resultado do uso deste site. Trataremos qualquer e todas&#8230;<\/p>\n","protected":false},"author":1,"featured_media":0,"parent":0,"menu_order":122,"comment_status":"closed","ping_status":"closed","template":"","meta":{"_acf_changed":false,"footnotes":""},"class_list":["post-100","page","type-page","status-publish","hentry"],"acf":[],"_links":{"self":[{"href":"https:\/\/www.physio-network.com\/pt\/wp-json\/wp\/v2\/pages\/100","targetHints":{"allow":["GET"]}}],"collection":[{"href":"https:\/\/www.physio-network.com\/pt\/wp-json\/wp\/v2\/pages"}],"about":[{"href":"https:\/\/www.physio-network.com\/pt\/wp-json\/wp\/v2\/types\/page"}],"author":[{"embeddable":true,"href":"https:\/\/www.physio-network.com\/pt\/wp-json\/wp\/v2\/users\/1"}],"replies":[{"embeddable":true,"href":"https:\/\/www.physio-network.com\/pt\/wp-json\/wp\/v2\/comments?post=100"}],"version-history":[{"count":25,"href":"https:\/\/www.physio-network.com\/pt\/wp-json\/wp\/v2\/pages\/100\/revisions"}],"predecessor-version":[{"id":76651,"href":"https:\/\/www.physio-network.com\/pt\/wp-json\/wp\/v2\/pages\/100\/revisions\/76651"}],"wp:attachment":[{"href":"https:\/\/www.physio-network.com\/pt\/wp-json\/wp\/v2\/media?parent=100"}],"curies":[{"name":"wp","href":"https:\/\/api.w.org\/{rel}","templated":true}]}}